{"id":17894,"date":"2020-10-06T11:29:42","date_gmt":"2020-10-06T09:29:42","guid":{"rendered":"http:\/\/www.tus-bruchhausen.de\/Fussball\/?page_id=17894"},"modified":"2020-10-23T10:37:16","modified_gmt":"2020-10-23T08:37:16","slug":"corona-hygiene-und-abstandsregeln","status":"publish","type":"page","link":"http:\/\/www.tus-bruchhausen.de\/Fussball\/corona-hygiene-und-abstandsregeln\/","title":{"rendered":"Corona-, Hygiene- und Abstandsregeln"},"content":{"rendered":"<p><a href=\"http:\/\/www.tus-bruchhausen.de\/Fussball\/wp-content\/uploads\/2020\/08\/VH-2020_Gast.pdf\">-&gt; F\u00fcr Verhaltensregeln f\u00fcr <strong>Gast-Mannschaften HIER<\/strong> downloaden.\u00a0<\/a><\/p>\n<p><a href=\"http:\/\/www.tus-bruchhausen.de\/Fussball\/wp-content\/uploads\/2020\/08\/TuS-Bruchhausen-Daten-zur-Rueckverfolgbarkeit-Auswaerts.docx\">-&gt; Adressliste Spieler\/Trainer<\/a><\/p>\n<h3>Besucherinformationen w\u00e4hrend der Pandemie<\/h3>\n<p>Liebe Besucher des Sportparks &#8220;An der HIAG&#8221;,<\/p>\n<p>In dieser besonderen Zeit gibt es beim Besuch des Sportparks einige Regeln zu beachten. Wir bitten jeden Gast, diese Vorschriften ernst zu nehmen und auch zu befolgen. Neben den aktuell geltenden Hygiene- und Abstandsma\u00dfnahmen gelten f\u00fcr den Sportpark an der HIAG folgende Regeln:<\/p>\n<p>\u2022 Betretet das Gel\u00e4nde nur mit Mund- Nasenschutz. Die Maske ist w\u00e4hrend des gesamten Aufenthalts zu tragen, auch auf dem Stehplatz.<br \/>\n\u2022 Bitte hinterlasst am Eingang eure Kontaktdaten.<br \/>\n\u2022 Der Zuschauerbereich befindet sich ausschlie\u00dflich auf der \u201eTennis-Platz\u201c Seite.<br \/>\n\u2022 Die Terrasse darf lediglich bis zum abgesperrten Bereich (erkenntlich durch eine Kette) betreten werden.<br \/>\n\u2022 Der Damm ist f\u00fcr Zuschauer gesperrt<br \/>\n\u2022 Das Sportheim bleibt weiterhin geschlossen. Die Nutzung der Toiletten im Sportheim ist sichergestellt. Das Sportheim darf ausschlie\u00dflich durch die erste Terrassent\u00fcr betreten werden.<br \/>\n\u2022 Der Verkauf von Speisen und Getr\u00e4nken findet im Au\u00dfenbereich\/Terrasse statt.<br \/>\n\u2022 In den Warteschlangen beim Verkauf von Speisen und Getr\u00e4nken bitte Mund- Nasenschutz tragen<br \/>\n\u2022 Achtet in den Warteschlangen (an der Kasse und bei Verkauf von Speisen und Getr\u00e4nken) auf den Mindestabstand von 2 Metern<br \/>\n\u2022 Das Gel\u00e4nde bitte durch das gro\u00dfe Rettungstor verlassen.<\/p>\n<p>Bitte helft mit, diese Regeln einzuhalten. Wir bedanken uns f\u00fcr euer Verst\u00e4ndnis und freuen uns euch im Sportpark begr\u00fc\u00dfen zu d\u00fcrfen.<\/p>\n<p>Mit sportlichem Gru\u00df<br \/>\nDer Abteilungsvorstand.<\/p>\n","protected":false},"excerpt":{"rendered":"<p>-&gt; F\u00fcr Verhaltensregeln f\u00fcr Gast-Mannschaften HIER downloaden.\u00a0 -&gt; Adressliste Spieler\/Trainer Besucherinformationen w\u00e4hrend der Pandemie Liebe Besucher des Sportparks &#8220;An der HIAG&#8221;, In dieser besonderen Zeit gibt es beim Besuch des Sportparks einige Regeln zu beachten. Wir bitten jeden Gast, diese Vorschriften ernst zu nehmen und auch zu befolgen. Neben den aktuell geltenden Hygiene- und Abstandsma\u00dfnahmen [&hellip;]<\/p>\n","protected":false},"author":1,"featured_media":0,"parent":0,"menu_order":0,"comment_status":"closed","ping_status":"closed","template":"","meta":{"footnotes":""},"class_list":["post-17894","page","type-page","status-publish","hentry","small-justify-block","no-thumb"],"yoast_head":"<!-- This site is optimized with the Yoast SEO plugin v27.2 - https:\/\/yoast.com\/product\/yoast-seo-wordpress\/ -->\n<title>Corona-, Hygiene- und Abstandsregeln - TuS Bruchhausen - Fu\u00dfball<\/title>\n<meta name=\"robots\" content=\"index, follow, max-snippet:-1, max-image-preview:large, max-video-preview:-1\" \/>\n<link rel=\"canonical\" href=\"http:\/\/www.tus-bruchhausen.de\/Fussball\/corona-hygiene-und-abstandsregeln\/\" \/>\n<meta property=\"og:locale\" content=\"de_DE\" \/>\n<meta property=\"og:type\" content=\"article\" \/>\n<meta property=\"og:title\" content=\"Corona-, Hygiene- und Abstandsregeln - TuS Bruchhausen - Fu\u00dfball\" \/>\n<meta property=\"og:description\" content=\"-&gt; F\u00fcr Verhaltensregeln f\u00fcr Gast-Mannschaften HIER downloaden.\u00a0 -&gt; Adressliste Spieler\/Trainer Besucherinformationen w\u00e4hrend der Pandemie Liebe Besucher des Sportparks &#8220;An der HIAG&#8221;, In dieser besonderen Zeit gibt es beim Besuch des Sportparks einige Regeln zu beachten. Wir bitten jeden Gast, diese Vorschriften ernst zu nehmen und auch zu befolgen. Neben den aktuell geltenden Hygiene- und Abstandsma\u00dfnahmen [&hellip;]\" \/>\n<meta property=\"og:url\" content=\"http:\/\/www.tus-bruchhausen.de\/Fussball\/corona-hygiene-und-abstandsregeln\/\" \/>\n<meta property=\"og:site_name\" content=\"TuS Bruchhausen\" \/>\n<meta property=\"article:publisher\" content=\"https:\/\/www.facebook.com\/TuS02\/\" \/>\n<meta property=\"article:modified_time\" content=\"2020-10-23T08:37:16+00:00\" \/>\n<meta name=\"twitter:card\" content=\"summary_large_image\" \/>\n<meta name=\"twitter:label1\" content=\"Gesch\u00e4tzte Lesezeit\" \/>\n\t<meta name=\"twitter:data1\" content=\"1\u00a0Minute\" \/>\n<script type=\"application\/ld+json\" class=\"yoast-schema-graph\">{\"@context\":\"https:\/\/schema.org\",\"@graph\":[{\"@type\":\"WebPage\",\"@id\":\"http:\/\/www.tus-bruchhausen.de\/Fussball\/corona-hygiene-und-abstandsregeln\/\",\"url\":\"http:\/\/www.tus-bruchhausen.de\/Fussball\/corona-hygiene-und-abstandsregeln\/\",\"name\":\"Corona-, Hygiene- und Abstandsregeln - TuS Bruchhausen - Fu\u00dfball\",\"isPartOf\":{\"@id\":\"http:\/\/www.tus-bruchhausen.de\/Fussball\/#website\"},\"datePublished\":\"2020-10-06T09:29:42+00:00\",\"dateModified\":\"2020-10-23T08:37:16+00:00\",\"breadcrumb\":{\"@id\":\"http:\/\/www.tus-bruchhausen.de\/Fussball\/corona-hygiene-und-abstandsregeln\/#breadcrumb\"},\"inLanguage\":\"de\",\"potentialAction\":[{\"@type\":\"ReadAction\",\"target\":[\"http:\/\/www.tus-bruchhausen.de\/Fussball\/corona-hygiene-und-abstandsregeln\/\"]}]},{\"@type\":\"BreadcrumbList\",\"@id\":\"http:\/\/www.tus-bruchhausen.de\/Fussball\/corona-hygiene-und-abstandsregeln\/#breadcrumb\",\"itemListElement\":[{\"@type\":\"ListItem\",\"position\":1,\"name\":\"Startseite\",\"item\":\"https:\/\/www.tus-bruchhausen.de\/Fussball\/\"},{\"@type\":\"ListItem\",\"position\":2,\"name\":\"Corona-, Hygiene- und Abstandsregeln\"}]},{\"@type\":\"WebSite\",\"@id\":\"http:\/\/www.tus-bruchhausen.de\/Fussball\/#website\",\"url\":\"http:\/\/www.tus-bruchhausen.de\/Fussball\/\",\"name\":\"TuS Bruchhausen\",\"description\":\"Fu\u00dfball\",\"potentialAction\":[{\"@type\":\"SearchAction\",\"target\":{\"@type\":\"EntryPoint\",\"urlTemplate\":\"http:\/\/www.tus-bruchhausen.de\/Fussball\/?s={search_term_string}\"},\"query-input\":{\"@type\":\"PropertyValueSpecification\",\"valueRequired\":true,\"valueName\":\"search_term_string\"}}],\"inLanguage\":\"de\"}]}<\/script>\n<!-- \/ Yoast SEO plugin. -->","yoast_head_json":{"title":"Corona-, Hygiene- und Abstandsregeln - TuS Bruchhausen - Fu\u00dfball","robots":{"index":"index","follow":"follow","max-snippet":"max-snippet:-1","max-image-preview":"max-image-preview:large","max-video-preview":"max-video-preview:-1"},"canonical":"http:\/\/www.tus-bruchhausen.de\/Fussball\/corona-hygiene-und-abstandsregeln\/","og_locale":"de_DE","og_type":"article","og_title":"Corona-, Hygiene- und Abstandsregeln - TuS Bruchhausen - Fu\u00dfball","og_description":"-&gt; F\u00fcr Verhaltensregeln f\u00fcr Gast-Mannschaften HIER downloaden.\u00a0 -&gt; Adressliste Spieler\/Trainer Besucherinformationen w\u00e4hrend der Pandemie Liebe Besucher des Sportparks &#8220;An der HIAG&#8221;, In dieser besonderen Zeit gibt es beim Besuch des Sportparks einige Regeln zu beachten. Wir bitten jeden Gast, diese Vorschriften ernst zu nehmen und auch zu befolgen. Neben den aktuell geltenden Hygiene- und Abstandsma\u00dfnahmen [&hellip;]","og_url":"http:\/\/www.tus-bruchhausen.de\/Fussball\/corona-hygiene-und-abstandsregeln\/","og_site_name":"TuS Bruchhausen","article_publisher":"https:\/\/www.facebook.com\/TuS02\/","article_modified_time":"2020-10-23T08:37:16+00:00","twitter_card":"summary_large_image","twitter_misc":{"Gesch\u00e4tzte Lesezeit":"1\u00a0Minute"},"schema":{"@context":"https:\/\/schema.org","@graph":[{"@type":"WebPage","@id":"http:\/\/www.tus-bruchhausen.de\/Fussball\/corona-hygiene-und-abstandsregeln\/","url":"http:\/\/www.tus-bruchhausen.de\/Fussball\/corona-hygiene-und-abstandsregeln\/","name":"Corona-, Hygiene- und Abstandsregeln - TuS Bruchhausen - Fu\u00dfball","isPartOf":{"@id":"http:\/\/www.tus-bruchhausen.de\/Fussball\/#website"},"datePublished":"2020-10-06T09:29:42+00:00","dateModified":"2020-10-23T08:37:16+00:00","breadcrumb":{"@id":"http:\/\/www.tus-bruchhausen.de\/Fussball\/corona-hygiene-und-abstandsregeln\/#breadcrumb"},"inLanguage":"de","potentialAction":[{"@type":"ReadAction","target":["http:\/\/www.tus-bruchhausen.de\/Fussball\/corona-hygiene-und-abstandsregeln\/"]}]},{"@type":"BreadcrumbList","@id":"http:\/\/www.tus-bruchhausen.de\/Fussball\/corona-hygiene-und-abstandsregeln\/#breadcrumb","itemListElement":[{"@type":"ListItem","position":1,"name":"Startseite","item":"https:\/\/www.tus-bruchhausen.de\/Fussball\/"},{"@type":"ListItem","position":2,"name":"Corona-, Hygiene- und Abstandsregeln"}]},{"@type":"WebSite","@id":"http:\/\/www.tus-bruchhausen.de\/Fussball\/#website","url":"http:\/\/www.tus-bruchhausen.de\/Fussball\/","name":"TuS Bruchhausen","description":"Fu\u00dfball","potentialAction":[{"@type":"SearchAction","target":{"@type":"EntryPoint","urlTemplate":"http:\/\/www.tus-bruchhausen.de\/Fussball\/?s={search_term_string}"},"query-input":{"@type":"PropertyValueSpecification","valueRequired":true,"valueName":"search_term_string"}}],"inLanguage":"de"}]}},"_links":{"self":[{"href":"http:\/\/www.tus-bruchhausen.de\/Fussball\/wp-json\/wp\/v2\/pages\/17894","targetHints":{"allow":["GET"]}}],"collection":[{"href":"http:\/\/www.tus-bruchhausen.de\/Fussball\/wp-json\/wp\/v2\/pages"}],"about":[{"href":"http:\/\/www.tus-bruchhausen.de\/Fussball\/wp-json\/wp\/v2\/types\/page"}],"author":[{"embeddable":true,"href":"http:\/\/www.tus-bruchhausen.de\/Fussball\/wp-json\/wp\/v2\/users\/1"}],"replies":[{"embeddable":true,"href":"http:\/\/www.tus-bruchhausen.de\/Fussball\/wp-json\/wp\/v2\/comments?post=17894"}],"version-history":[{"count":6,"href":"http:\/\/www.tus-bruchhausen.de\/Fussball\/wp-json\/wp\/v2\/pages\/17894\/revisions"}],"predecessor-version":[{"id":17961,"href":"http:\/\/www.tus-bruchhausen.de\/Fussball\/wp-json\/wp\/v2\/pages\/17894\/revisions\/17961"}],"wp:attachment":[{"href":"http:\/\/www.tus-bruchhausen.de\/Fussball\/wp-json\/wp\/v2\/media?parent=17894"}],"curies":[{"name":"wp","href":"https:\/\/api.w.org\/{rel}","templated":true}]}}