{"id":18227,"date":"2021-01-26T14:45:42","date_gmt":"2021-01-26T13:45:42","guid":{"rendered":"http:\/\/www.tus-bruchhausen.de\/Fussball\/?page_id=18227"},"modified":"2025-07-09T18:30:47","modified_gmt":"2025-07-09T16:30:47","slug":"sponsoren-bandenwerber","status":"publish","type":"page","link":"http:\/\/www.tus-bruchhausen.de\/Fussball\/sponsoren-bandenwerber\/","title":{"rendered":"Sponsoren &#8211; Bandenwerber"},"content":{"rendered":"\n<div class=\"wp-block-columns are-vertically-aligned-center is-layout-flex wp-container-core-columns-is-layout-9d6595d7 wp-block-columns-is-layout-flex\">\n<div class=\"wp-block-column is-vertically-aligned-center is-layout-flow wp-block-column-is-layout-flow\" style=\"flex-basis:33.34%\"><div class=\"wp-block-image\">\n<figure class=\"aligncenter size-large is-resized\"><img loading=\"lazy\" decoding=\"async\" width=\"268\" height=\"303\" src=\"http:\/\/www.tus-bruchhausen.de\/Fussball\/wp-content\/uploads\/2021\/01\/Weber.jpg\" alt=\"\" class=\"wp-image-18229\" style=\"width:172px;height:194px\" srcset=\"http:\/\/www.tus-bruchhausen.de\/Fussball\/wp-content\/uploads\/2021\/01\/Weber.jpg 268w, http:\/\/www.tus-bruchhausen.de\/Fussball\/wp-content\/uploads\/2021\/01\/Weber-265x300.jpg 265w, http:\/\/www.tus-bruchhausen.de\/Fussball\/wp-content\/uploads\/2021\/01\/Weber-133x150.jpg 133w\" sizes=\"auto, (max-width: 268px) 100vw, 268px\" \/><\/figure>\n<\/div><\/div>\n\n\n\n<div class=\"wp-block-column is-vertically-aligned-center is-layout-flow wp-block-column-is-layout-flow\" style=\"flex-basis:33.34%\"><div class=\"wp-block-image\">\n<figure class=\"aligncenter size-large\"><img loading=\"lazy\" decoding=\"async\" width=\"605\" height=\"389\" src=\"http:\/\/www.tus-bruchhausen.de\/Fussball\/wp-content\/uploads\/2021\/01\/image-1.png\" alt=\"\" class=\"wp-image-18231\" srcset=\"http:\/\/www.tus-bruchhausen.de\/Fussball\/wp-content\/uploads\/2021\/01\/image-1.png 605w, http:\/\/www.tus-bruchhausen.de\/Fussball\/wp-content\/uploads\/2021\/01\/image-1-300x193.png 300w, http:\/\/www.tus-bruchhausen.de\/Fussball\/wp-content\/uploads\/2021\/01\/image-1-150x96.png 150w\" sizes=\"auto, (max-width: 605px) 100vw, 605px\" \/><\/figure>\n<\/div><\/div>\n\n\n\n<div class=\"wp-block-column is-vertically-aligned-center is-layout-flow wp-block-column-is-layout-flow\" style=\"flex-basis:33.33%\"><div class=\"wp-block-image\">\n<figure class=\"aligncenter\"><img decoding=\"async\" src=\"https:\/\/www.gruene-mineraloele.de\/images\/logo.png\" alt=\"Gr\u00fcne Mineral\u00f6le Logo\"\/><\/figure>\n<\/div><\/div>\n<\/div>\n\n\n\n<div class=\"wp-block-columns are-vertically-aligned-center is-layout-flex wp-container-core-columns-is-layout-9d6595d7 wp-block-columns-is-layout-flex\">\n<div class=\"wp-block-column is-vertically-aligned-center is-layout-flow wp-block-column-is-layout-flow\" style=\"flex-basis:33%\"><div class=\"wp-block-image\">\n<figure class=\"aligncenter size-large\"><img loading=\"lazy\" decoding=\"async\" width=\"437\" height=\"242\" src=\"http:\/\/www.tus-bruchhausen.de\/Fussball\/wp-content\/uploads\/2021\/01\/image-3.png\" alt=\"\" class=\"wp-image-18233\" srcset=\"http:\/\/www.tus-bruchhausen.de\/Fussball\/wp-content\/uploads\/2021\/01\/image-3.png 437w, http:\/\/www.tus-bruchhausen.de\/Fussball\/wp-content\/uploads\/2021\/01\/image-3-300x166.png 300w, http:\/\/www.tus-bruchhausen.de\/Fussball\/wp-content\/uploads\/2021\/01\/image-3-150x83.png 150w\" sizes=\"auto, (max-width: 437px) 100vw, 437px\" \/><\/figure>\n<\/div><\/div>\n\n\n\n<div class=\"wp-block-column is-vertically-aligned-center is-layout-flow wp-block-column-is-layout-flow\" style=\"flex-basis:33%\"><div class=\"wp-block-image\">\n<figure class=\"aligncenter size-large is-resized\"><img loading=\"lazy\" decoding=\"async\" width=\"185\" height=\"44\" src=\"http:\/\/www.tus-bruchhausen.de\/Fussball\/wp-content\/uploads\/2021\/01\/image-4.png\" alt=\"\" class=\"wp-image-18234\" style=\"width:257px;height:auto\" srcset=\"http:\/\/www.tus-bruchhausen.de\/Fussball\/wp-content\/uploads\/2021\/01\/image-4.png 185w, http:\/\/www.tus-bruchhausen.de\/Fussball\/wp-content\/uploads\/2021\/01\/image-4-150x36.png 150w\" sizes=\"auto, (max-width: 185px) 100vw, 185px\" \/><\/figure>\n<\/div><\/div>\n\n\n\n<div class=\"wp-block-column is-vertically-aligned-center is-layout-flow wp-block-column-is-layout-flow\" style=\"flex-basis:33%\"><div class=\"wp-block-image\">\n<figure class=\"aligncenter size-large is-resized\"><img loading=\"lazy\" decoding=\"async\" width=\"304\" height=\"250\" src=\"http:\/\/www.tus-bruchhausen.de\/Fussball\/wp-content\/uploads\/2021\/01\/image-5.png\" alt=\"\" class=\"wp-image-18235\" style=\"width:172px;height:141px\" srcset=\"http:\/\/www.tus-bruchhausen.de\/Fussball\/wp-content\/uploads\/2021\/01\/image-5.png 304w, http:\/\/www.tus-bruchhausen.de\/Fussball\/wp-content\/uploads\/2021\/01\/image-5-300x247.png 300w, http:\/\/www.tus-bruchhausen.de\/Fussball\/wp-content\/uploads\/2021\/01\/image-5-150x123.png 150w\" sizes=\"auto, (max-width: 304px) 100vw, 304px\" \/><\/figure>\n<\/div><\/div>\n<\/div>\n\n\n\n<div class=\"wp-block-columns are-vertically-aligned-center is-layout-flex wp-container-core-columns-is-layout-9d6595d7 wp-block-columns-is-layout-flex\">\n<div class=\"wp-block-column is-vertically-aligned-center is-layout-flow wp-block-column-is-layout-flow\" style=\"flex-basis:33%\"><div class=\"wp-block-image\">\n<figure class=\"aligncenter size-large\"><img loading=\"lazy\" decoding=\"async\" width=\"195\" height=\"88\" src=\"http:\/\/www.tus-bruchhausen.de\/Fussball\/wp-content\/uploads\/2021\/01\/image-7.png\" alt=\"\" class=\"wp-image-18237\" srcset=\"http:\/\/www.tus-bruchhausen.de\/Fussball\/wp-content\/uploads\/2021\/01\/image-7.png 195w, http:\/\/www.tus-bruchhausen.de\/Fussball\/wp-content\/uploads\/2021\/01\/image-7-150x68.png 150w\" sizes=\"auto, (max-width: 195px) 100vw, 195px\" \/><\/figure>\n<\/div><\/div>\n\n\n\n<div class=\"wp-block-column is-vertically-aligned-center is-layout-flow wp-block-column-is-layout-flow\" style=\"flex-basis:33%\"><div class=\"wp-block-image\">\n<figure class=\"aligncenter size-large\"><img loading=\"lazy\" decoding=\"async\" width=\"480\" height=\"210\" src=\"http:\/\/www.tus-bruchhausen.de\/Fussball\/wp-content\/uploads\/2021\/01\/image-8.png\" alt=\"\" class=\"wp-image-18238\" srcset=\"http:\/\/www.tus-bruchhausen.de\/Fussball\/wp-content\/uploads\/2021\/01\/image-8.png 480w, http:\/\/www.tus-bruchhausen.de\/Fussball\/wp-content\/uploads\/2021\/01\/image-8-300x131.png 300w, http:\/\/www.tus-bruchhausen.de\/Fussball\/wp-content\/uploads\/2021\/01\/image-8-150x66.png 150w\" sizes=\"auto, (max-width: 480px) 100vw, 480px\" \/><\/figure>\n<\/div><\/div>\n\n\n\n<div class=\"wp-block-column is-vertically-aligned-center is-layout-flow wp-block-column-is-layout-flow\" style=\"flex-basis:33%\"><div class=\"wp-block-image\">\n<figure class=\"aligncenter size-large\"><img loading=\"lazy\" decoding=\"async\" width=\"400\" height=\"110\" src=\"http:\/\/www.tus-bruchhausen.de\/Fussball\/wp-content\/uploads\/2021\/01\/image-9.png\" alt=\"\" class=\"wp-image-18239\" srcset=\"http:\/\/www.tus-bruchhausen.de\/Fussball\/wp-content\/uploads\/2021\/01\/image-9.png 400w, http:\/\/www.tus-bruchhausen.de\/Fussball\/wp-content\/uploads\/2021\/01\/image-9-300x83.png 300w, http:\/\/www.tus-bruchhausen.de\/Fussball\/wp-content\/uploads\/2021\/01\/image-9-150x41.png 150w\" sizes=\"auto, (max-width: 400px) 100vw, 400px\" \/><\/figure>\n<\/div><\/div>\n<\/div>\n\n\n\n<div class=\"wp-block-columns are-vertically-aligned-center is-layout-flex wp-container-core-columns-is-layout-9d6595d7 wp-block-columns-is-layout-flex\">\n<div class=\"wp-block-column is-vertically-aligned-center is-layout-flow wp-block-column-is-layout-flow\" style=\"flex-basis:33.33%\"><div class=\"wp-block-image\">\n<figure class=\"aligncenter size-large is-resized\"><img loading=\"lazy\" decoding=\"async\" width=\"413\" height=\"248\" src=\"http:\/\/www.tus-bruchhausen.de\/Fussball\/wp-content\/uploads\/2021\/01\/image-10.png\" alt=\"\" class=\"wp-image-18240\" style=\"aspect-ratio:1.6782608695652175;width:265px;height:auto\" srcset=\"http:\/\/www.tus-bruchhausen.de\/Fussball\/wp-content\/uploads\/2021\/01\/image-10.png 413w, http:\/\/www.tus-bruchhausen.de\/Fussball\/wp-content\/uploads\/2021\/01\/image-10-300x180.png 300w, http:\/\/www.tus-bruchhausen.de\/Fussball\/wp-content\/uploads\/2021\/01\/image-10-150x90.png 150w\" sizes=\"auto, (max-width: 413px) 100vw, 413px\" \/><\/figure>\n<\/div><\/div>\n\n\n\n<div class=\"wp-block-column is-vertically-aligned-center is-layout-flow wp-block-column-is-layout-flow\" style=\"flex-basis:33%\"><div class=\"wp-block-image\">\n<figure class=\"alignleft size-large is-resized\"><img loading=\"lazy\" decoding=\"async\" width=\"260\" height=\"81\" src=\"http:\/\/www.tus-bruchhausen.de\/Fussball\/wp-content\/uploads\/2021\/01\/image-11.png\" alt=\"\" class=\"wp-image-18241\" style=\"width:277px;height:auto\" srcset=\"http:\/\/www.tus-bruchhausen.de\/Fussball\/wp-content\/uploads\/2021\/01\/image-11.png 260w, http:\/\/www.tus-bruchhausen.de\/Fussball\/wp-content\/uploads\/2021\/01\/image-11-150x47.png 150w\" sizes=\"auto, (max-width: 260px) 100vw, 260px\" \/><\/figure>\n<\/div><\/div>\n\n\n\n<div class=\"wp-block-column is-vertically-aligned-center is-layout-flow wp-block-column-is-layout-flow\" style=\"flex-basis:16.67%\"><\/div>\n<\/div>\n\n\n<div class=\"wp-block-image\">\n<figure class=\"aligncenter size-large is-resized\"><img loading=\"lazy\" decoding=\"async\" width=\"1800\" height=\"450\" src=\"https:\/\/www.tus-bruchhausen.de\/Fussball\/wp-content\/uploads\/2025\/07\/PHOTO-2025-06-13-09-40-02-1800x450.jpg\" alt=\"\" class=\"wp-image-20372\" style=\"width:473px;height:auto\" srcset=\"http:\/\/www.tus-bruchhausen.de\/Fussball\/wp-content\/uploads\/2025\/07\/PHOTO-2025-06-13-09-40-02-1800x450.jpg 1800w, http:\/\/www.tus-bruchhausen.de\/Fussball\/wp-content\/uploads\/2025\/07\/PHOTO-2025-06-13-09-40-02-300x75.jpg 300w, http:\/\/www.tus-bruchhausen.de\/Fussball\/wp-content\/uploads\/2025\/07\/PHOTO-2025-06-13-09-40-02-150x38.jpg 150w, http:\/\/www.tus-bruchhausen.de\/Fussball\/wp-content\/uploads\/2025\/07\/PHOTO-2025-06-13-09-40-02-768x192.jpg 768w, http:\/\/www.tus-bruchhausen.de\/Fussball\/wp-content\/uploads\/2025\/07\/PHOTO-2025-06-13-09-40-02-1536x384.jpg 1536w, http:\/\/www.tus-bruchhausen.de\/Fussball\/wp-content\/uploads\/2025\/07\/PHOTO-2025-06-13-09-40-02-2048x512.jpg 2048w\" sizes=\"auto, (max-width: 1800px) 100vw, 1800px\" \/><\/figure>\n<\/div>\n\n\n<h4 class=\"wp-block-heading has-text-align-center\"><strong>Danke f\u00fcr die Unterst\u00fctzung! <\/strong><\/h4>\n\n\n\n<p class=\"has-text-align-left\">M\u00f6chten Sie unseren gemeinn\u00fctzigen Verein, die Kinder- und Jugendarbeit und die vielen ehrenamtlich Helfer auch unterst\u00fctzen?  &#8211; Dann melden Sie sich bei unseren Abteilungsvorstand und helfen Sie als Bandenwerber, Sponsor oder G\u00f6nner. <\/p>\n","protected":false},"excerpt":{"rendered":"<p>Danke f\u00fcr die Unterst\u00fctzung! M\u00f6chten Sie unseren gemeinn\u00fctzigen Verein, die Kinder- und Jugendarbeit und die vielen ehrenamtlich Helfer auch unterst\u00fctzen? &#8211; Dann melden Sie sich bei unseren Abteilungsvorstand und helfen Sie als Bandenwerber, Sponsor oder G\u00f6nner.<\/p>\n","protected":false},"author":1,"featured_media":0,"parent":0,"menu_order":0,"comment_status":"closed","ping_status":"closed","template":"","meta":{"footnotes":""},"class_list":["post-18227","page","type-page","status-publish","hentry","small-justify-block","no-thumb"],"yoast_head":"<!-- This site is optimized with the Yoast SEO plugin v27.2 - https:\/\/yoast.com\/product\/yoast-seo-wordpress\/ -->\n<title>Sponsoren - Bandenwerber - TuS Bruchhausen - Fu\u00dfball<\/title>\n<meta name=\"robots\" content=\"index, follow, max-snippet:-1, max-image-preview:large, max-video-preview:-1\" \/>\n<link rel=\"canonical\" href=\"https:\/\/www.tus-bruchhausen.de\/Fussball\/sponsoren-bandenwerber\/\" \/>\n<meta property=\"og:locale\" content=\"de_DE\" \/>\n<meta property=\"og:type\" content=\"article\" \/>\n<meta property=\"og:title\" content=\"Sponsoren - Bandenwerber - TuS Bruchhausen - Fu\u00dfball\" \/>\n<meta property=\"og:description\" content=\"Danke f\u00fcr die Unterst\u00fctzung! M\u00f6chten Sie unseren gemeinn\u00fctzigen Verein, die Kinder- und Jugendarbeit und die vielen ehrenamtlich Helfer auch unterst\u00fctzen? &#8211; Dann melden Sie sich bei unseren Abteilungsvorstand und helfen Sie als Bandenwerber, Sponsor oder G\u00f6nner.\" \/>\n<meta property=\"og:url\" content=\"https:\/\/www.tus-bruchhausen.de\/Fussball\/sponsoren-bandenwerber\/\" \/>\n<meta property=\"og:site_name\" content=\"TuS Bruchhausen\" \/>\n<meta property=\"article:publisher\" content=\"https:\/\/www.facebook.com\/TuS02\/\" \/>\n<meta property=\"article:modified_time\" content=\"2025-07-09T16:30:47+00:00\" \/>\n<meta property=\"og:image\" content=\"http:\/\/www.tus-bruchhausen.de\/Fussball\/wp-content\/uploads\/2021\/01\/Weber.jpg\" \/>\n<meta name=\"twitter:card\" content=\"summary_large_image\" \/>\n<meta name=\"twitter:label1\" content=\"Gesch\u00e4tzte Lesezeit\" \/>\n\t<meta name=\"twitter:data1\" content=\"3\u00a0Minuten\" \/>\n<script type=\"application\/ld+json\" class=\"yoast-schema-graph\">{\"@context\":\"https:\/\/schema.org\",\"@graph\":[{\"@type\":\"WebPage\",\"@id\":\"https:\/\/www.tus-bruchhausen.de\/Fussball\/sponsoren-bandenwerber\/\",\"url\":\"https:\/\/www.tus-bruchhausen.de\/Fussball\/sponsoren-bandenwerber\/\",\"name\":\"Sponsoren - Bandenwerber - TuS Bruchhausen - Fu\u00dfball\",\"isPartOf\":{\"@id\":\"https:\/\/www.tus-bruchhausen.de\/Fussball\/#website\"},\"primaryImageOfPage\":{\"@id\":\"https:\/\/www.tus-bruchhausen.de\/Fussball\/sponsoren-bandenwerber\/#primaryimage\"},\"image\":{\"@id\":\"https:\/\/www.tus-bruchhausen.de\/Fussball\/sponsoren-bandenwerber\/#primaryimage\"},\"thumbnailUrl\":\"http:\/\/www.tus-bruchhausen.de\/Fussball\/wp-content\/uploads\/2021\/01\/Weber.jpg\",\"datePublished\":\"2021-01-26T13:45:42+00:00\",\"dateModified\":\"2025-07-09T16:30:47+00:00\",\"breadcrumb\":{\"@id\":\"https:\/\/www.tus-bruchhausen.de\/Fussball\/sponsoren-bandenwerber\/#breadcrumb\"},\"inLanguage\":\"de\",\"potentialAction\":[{\"@type\":\"ReadAction\",\"target\":[\"https:\/\/www.tus-bruchhausen.de\/Fussball\/sponsoren-bandenwerber\/\"]}]},{\"@type\":\"ImageObject\",\"inLanguage\":\"de\",\"@id\":\"https:\/\/www.tus-bruchhausen.de\/Fussball\/sponsoren-bandenwerber\/#primaryimage\",\"url\":\"http:\/\/www.tus-bruchhausen.de\/Fussball\/wp-content\/uploads\/2021\/01\/Weber.jpg\",\"contentUrl\":\"http:\/\/www.tus-bruchhausen.de\/Fussball\/wp-content\/uploads\/2021\/01\/Weber.jpg\",\"width\":268,\"height\":303},{\"@type\":\"BreadcrumbList\",\"@id\":\"https:\/\/www.tus-bruchhausen.de\/Fussball\/sponsoren-bandenwerber\/#breadcrumb\",\"itemListElement\":[{\"@type\":\"ListItem\",\"position\":1,\"name\":\"Startseite\",\"item\":\"https:\/\/www.tus-bruchhausen.de\/Fussball\/\"},{\"@type\":\"ListItem\",\"position\":2,\"name\":\"Sponsoren &#8211; Bandenwerber\"}]},{\"@type\":\"WebSite\",\"@id\":\"https:\/\/www.tus-bruchhausen.de\/Fussball\/#website\",\"url\":\"https:\/\/www.tus-bruchhausen.de\/Fussball\/\",\"name\":\"TuS Bruchhausen\",\"description\":\"Fu\u00dfball\",\"potentialAction\":[{\"@type\":\"SearchAction\",\"target\":{\"@type\":\"EntryPoint\",\"urlTemplate\":\"https:\/\/www.tus-bruchhausen.de\/Fussball\/?s={search_term_string}\"},\"query-input\":{\"@type\":\"PropertyValueSpecification\",\"valueRequired\":true,\"valueName\":\"search_term_string\"}}],\"inLanguage\":\"de\"}]}<\/script>\n<!-- \/ Yoast SEO plugin. -->","yoast_head_json":{"title":"Sponsoren - Bandenwerber - TuS Bruchhausen - Fu\u00dfball","robots":{"index":"index","follow":"follow","max-snippet":"max-snippet:-1","max-image-preview":"max-image-preview:large","max-video-preview":"max-video-preview:-1"},"canonical":"https:\/\/www.tus-bruchhausen.de\/Fussball\/sponsoren-bandenwerber\/","og_locale":"de_DE","og_type":"article","og_title":"Sponsoren - Bandenwerber - TuS Bruchhausen - Fu\u00dfball","og_description":"Danke f\u00fcr die Unterst\u00fctzung! M\u00f6chten Sie unseren gemeinn\u00fctzigen Verein, die Kinder- und Jugendarbeit und die vielen ehrenamtlich Helfer auch unterst\u00fctzen? &#8211; Dann melden Sie sich bei unseren Abteilungsvorstand und helfen Sie als Bandenwerber, Sponsor oder G\u00f6nner.","og_url":"https:\/\/www.tus-bruchhausen.de\/Fussball\/sponsoren-bandenwerber\/","og_site_name":"TuS Bruchhausen","article_publisher":"https:\/\/www.facebook.com\/TuS02\/","article_modified_time":"2025-07-09T16:30:47+00:00","og_image":[{"url":"http:\/\/www.tus-bruchhausen.de\/Fussball\/wp-content\/uploads\/2021\/01\/Weber.jpg","type":"","width":"","height":""}],"twitter_card":"summary_large_image","twitter_misc":{"Gesch\u00e4tzte Lesezeit":"3\u00a0Minuten"},"schema":{"@context":"https:\/\/schema.org","@graph":[{"@type":"WebPage","@id":"https:\/\/www.tus-bruchhausen.de\/Fussball\/sponsoren-bandenwerber\/","url":"https:\/\/www.tus-bruchhausen.de\/Fussball\/sponsoren-bandenwerber\/","name":"Sponsoren - Bandenwerber - TuS Bruchhausen - Fu\u00dfball","isPartOf":{"@id":"https:\/\/www.tus-bruchhausen.de\/Fussball\/#website"},"primaryImageOfPage":{"@id":"https:\/\/www.tus-bruchhausen.de\/Fussball\/sponsoren-bandenwerber\/#primaryimage"},"image":{"@id":"https:\/\/www.tus-bruchhausen.de\/Fussball\/sponsoren-bandenwerber\/#primaryimage"},"thumbnailUrl":"http:\/\/www.tus-bruchhausen.de\/Fussball\/wp-content\/uploads\/2021\/01\/Weber.jpg","datePublished":"2021-01-26T13:45:42+00:00","dateModified":"2025-07-09T16:30:47+00:00","breadcrumb":{"@id":"https:\/\/www.tus-bruchhausen.de\/Fussball\/sponsoren-bandenwerber\/#breadcrumb"},"inLanguage":"de","potentialAction":[{"@type":"ReadAction","target":["https:\/\/www.tus-bruchhausen.de\/Fussball\/sponsoren-bandenwerber\/"]}]},{"@type":"ImageObject","inLanguage":"de","@id":"https:\/\/www.tus-bruchhausen.de\/Fussball\/sponsoren-bandenwerber\/#primaryimage","url":"http:\/\/www.tus-bruchhausen.de\/Fussball\/wp-content\/uploads\/2021\/01\/Weber.jpg","contentUrl":"http:\/\/www.tus-bruchhausen.de\/Fussball\/wp-content\/uploads\/2021\/01\/Weber.jpg","width":268,"height":303},{"@type":"BreadcrumbList","@id":"https:\/\/www.tus-bruchhausen.de\/Fussball\/sponsoren-bandenwerber\/#breadcrumb","itemListElement":[{"@type":"ListItem","position":1,"name":"Startseite","item":"https:\/\/www.tus-bruchhausen.de\/Fussball\/"},{"@type":"ListItem","position":2,"name":"Sponsoren &#8211; Bandenwerber"}]},{"@type":"WebSite","@id":"https:\/\/www.tus-bruchhausen.de\/Fussball\/#website","url":"https:\/\/www.tus-bruchhausen.de\/Fussball\/","name":"TuS Bruchhausen","description":"Fu\u00dfball","potentialAction":[{"@type":"SearchAction","target":{"@type":"EntryPoint","urlTemplate":"https:\/\/www.tus-bruchhausen.de\/Fussball\/?s={search_term_string}"},"query-input":{"@type":"PropertyValueSpecification","valueRequired":true,"valueName":"search_term_string"}}],"inLanguage":"de"}]}},"_links":{"self":[{"href":"http:\/\/www.tus-bruchhausen.de\/Fussball\/wp-json\/wp\/v2\/pages\/18227","targetHints":{"allow":["GET"]}}],"collection":[{"href":"http:\/\/www.tus-bruchhausen.de\/Fussball\/wp-json\/wp\/v2\/pages"}],"about":[{"href":"http:\/\/www.tus-bruchhausen.de\/Fussball\/wp-json\/wp\/v2\/types\/page"}],"author":[{"embeddable":true,"href":"http:\/\/www.tus-bruchhausen.de\/Fussball\/wp-json\/wp\/v2\/users\/1"}],"replies":[{"embeddable":true,"href":"http:\/\/www.tus-bruchhausen.de\/Fussball\/wp-json\/wp\/v2\/comments?post=18227"}],"version-history":[{"count":21,"href":"http:\/\/www.tus-bruchhausen.de\/Fussball\/wp-json\/wp\/v2\/pages\/18227\/revisions"}],"predecessor-version":[{"id":20373,"href":"http:\/\/www.tus-bruchhausen.de\/Fussball\/wp-json\/wp\/v2\/pages\/18227\/revisions\/20373"}],"wp:attachment":[{"href":"http:\/\/www.tus-bruchhausen.de\/Fussball\/wp-json\/wp\/v2\/media?parent=18227"}],"curies":[{"name":"wp","href":"https:\/\/api.w.org\/{rel}","templated":true}]}}