{"id":3391,"date":"2014-06-07T10:55:30","date_gmt":"2014-06-07T08:55:30","guid":{"rendered":"http:\/\/tus-bruchhausen.de\/Fussball\/?page_id=3391"},"modified":"2016-06-13T15:37:16","modified_gmt":"2016-06-13T13:37:16","slug":"torjaeger-2","status":"publish","type":"page","link":"http:\/\/www.tus-bruchhausen.de\/Fussball\/torjaeger-2\/","title":{"rendered":"EM 2016 Tippspiel &#8211; Torj\u00e4ger"},"content":{"rendered":"<p>&nbsp;<\/p>\n<p><strong>Punkte:<\/strong><\/p>\n<p>Tor pro Torsch\u00fctze in der Gruppenphase:\u00a0\u00a0 2 Punkte<br \/>\nTor pro Torsch\u00fctze in den KO-Spielen:\u00a0 \u00a0\u00a0 \u00a0\u00a0 3 Punkte<\/p>\n<p>(Tore Gruppenphase\/Tore KO-Spiele)<\/p>\n","protected":false},"excerpt":{"rendered":"<p>&nbsp; Punkte: Tor pro Torsch\u00fctze in der Gruppenphase:\u00a0\u00a0 2 Punkte Tor pro Torsch\u00fctze in den KO-Spielen:\u00a0 \u00a0\u00a0 \u00a0\u00a0 3 Punkte (Tore Gruppenphase\/Tore KO-Spiele)<\/p>\n","protected":false},"author":6,"featured_media":0,"parent":0,"menu_order":0,"comment_status":"closed","ping_status":"closed","template":"page_wm2014_torjaeger.php","meta":{"footnotes":""},"class_list":["post-3391","page","type-page","status-publish","hentry","small-justify-block","no-thumb"],"yoast_head":"<!-- This site is optimized with the Yoast SEO plugin v27.2 - https:\/\/yoast.com\/product\/yoast-seo-wordpress\/ -->\n<title>EM 2016 Tippspiel - Torj\u00e4ger - TuS Bruchhausen - Fu\u00dfball<\/title>\n<meta name=\"robots\" content=\"index, follow, max-snippet:-1, max-image-preview:large, max-video-preview:-1\" \/>\n<link rel=\"canonical\" href=\"http:\/\/www.tus-bruchhausen.de\/Fussball\/torjaeger-2\/\" \/>\n<meta property=\"og:locale\" content=\"de_DE\" \/>\n<meta property=\"og:type\" content=\"article\" \/>\n<meta property=\"og:title\" content=\"EM 2016 Tippspiel - Torj\u00e4ger - TuS Bruchhausen - Fu\u00dfball\" \/>\n<meta property=\"og:description\" content=\"&nbsp; Punkte: Tor pro Torsch\u00fctze in der Gruppenphase:\u00a0\u00a0 2 Punkte Tor pro Torsch\u00fctze in den KO-Spielen:\u00a0 \u00a0\u00a0 \u00a0\u00a0 3 Punkte (Tore Gruppenphase\/Tore KO-Spiele)\" \/>\n<meta property=\"og:url\" content=\"http:\/\/www.tus-bruchhausen.de\/Fussball\/torjaeger-2\/\" \/>\n<meta property=\"og:site_name\" content=\"TuS Bruchhausen\" \/>\n<meta property=\"article:publisher\" content=\"https:\/\/www.facebook.com\/TuS02\/\" \/>\n<meta property=\"article:modified_time\" content=\"2016-06-13T13:37:16+00:00\" \/>\n<meta name=\"twitter:card\" content=\"summary_large_image\" \/>\n<script type=\"application\/ld+json\" class=\"yoast-schema-graph\">{\"@context\":\"https:\/\/schema.org\",\"@graph\":[{\"@type\":\"WebPage\",\"@id\":\"http:\/\/www.tus-bruchhausen.de\/Fussball\/torjaeger-2\/\",\"url\":\"http:\/\/www.tus-bruchhausen.de\/Fussball\/torjaeger-2\/\",\"name\":\"EM 2016 Tippspiel - Torj\u00e4ger - TuS Bruchhausen - Fu\u00dfball\",\"isPartOf\":{\"@id\":\"https:\/\/www.tus-bruchhausen.de\/Fussball\/#website\"},\"datePublished\":\"2014-06-07T08:55:30+00:00\",\"dateModified\":\"2016-06-13T13:37:16+00:00\",\"breadcrumb\":{\"@id\":\"http:\/\/www.tus-bruchhausen.de\/Fussball\/torjaeger-2\/#breadcrumb\"},\"inLanguage\":\"de\",\"potentialAction\":[{\"@type\":\"ReadAction\",\"target\":[\"http:\/\/www.tus-bruchhausen.de\/Fussball\/torjaeger-2\/\"]}]},{\"@type\":\"BreadcrumbList\",\"@id\":\"http:\/\/www.tus-bruchhausen.de\/Fussball\/torjaeger-2\/#breadcrumb\",\"itemListElement\":[{\"@type\":\"ListItem\",\"position\":1,\"name\":\"Startseite\",\"item\":\"https:\/\/www.tus-bruchhausen.de\/Fussball\/\"},{\"@type\":\"ListItem\",\"position\":2,\"name\":\"EM 2016 Tippspiel &#8211; Torj\u00e4ger\"}]},{\"@type\":\"WebSite\",\"@id\":\"https:\/\/www.tus-bruchhausen.de\/Fussball\/#website\",\"url\":\"https:\/\/www.tus-bruchhausen.de\/Fussball\/\",\"name\":\"TuS Bruchhausen\",\"description\":\"Fu\u00dfball\",\"potentialAction\":[{\"@type\":\"SearchAction\",\"target\":{\"@type\":\"EntryPoint\",\"urlTemplate\":\"https:\/\/www.tus-bruchhausen.de\/Fussball\/?s={search_term_string}\"},\"query-input\":{\"@type\":\"PropertyValueSpecification\",\"valueRequired\":true,\"valueName\":\"search_term_string\"}}],\"inLanguage\":\"de\"}]}<\/script>\n<!-- \/ Yoast SEO plugin. -->","yoast_head_json":{"title":"EM 2016 Tippspiel - Torj\u00e4ger - TuS Bruchhausen - Fu\u00dfball","robots":{"index":"index","follow":"follow","max-snippet":"max-snippet:-1","max-image-preview":"max-image-preview:large","max-video-preview":"max-video-preview:-1"},"canonical":"http:\/\/www.tus-bruchhausen.de\/Fussball\/torjaeger-2\/","og_locale":"de_DE","og_type":"article","og_title":"EM 2016 Tippspiel - Torj\u00e4ger - TuS Bruchhausen - Fu\u00dfball","og_description":"&nbsp; Punkte: Tor pro Torsch\u00fctze in der Gruppenphase:\u00a0\u00a0 2 Punkte Tor pro Torsch\u00fctze in den KO-Spielen:\u00a0 \u00a0\u00a0 \u00a0\u00a0 3 Punkte (Tore Gruppenphase\/Tore KO-Spiele)","og_url":"http:\/\/www.tus-bruchhausen.de\/Fussball\/torjaeger-2\/","og_site_name":"TuS Bruchhausen","article_publisher":"https:\/\/www.facebook.com\/TuS02\/","article_modified_time":"2016-06-13T13:37:16+00:00","twitter_card":"summary_large_image","schema":{"@context":"https:\/\/schema.org","@graph":[{"@type":"WebPage","@id":"http:\/\/www.tus-bruchhausen.de\/Fussball\/torjaeger-2\/","url":"http:\/\/www.tus-bruchhausen.de\/Fussball\/torjaeger-2\/","name":"EM 2016 Tippspiel - Torj\u00e4ger - TuS Bruchhausen - Fu\u00dfball","isPartOf":{"@id":"https:\/\/www.tus-bruchhausen.de\/Fussball\/#website"},"datePublished":"2014-06-07T08:55:30+00:00","dateModified":"2016-06-13T13:37:16+00:00","breadcrumb":{"@id":"http:\/\/www.tus-bruchhausen.de\/Fussball\/torjaeger-2\/#breadcrumb"},"inLanguage":"de","potentialAction":[{"@type":"ReadAction","target":["http:\/\/www.tus-bruchhausen.de\/Fussball\/torjaeger-2\/"]}]},{"@type":"BreadcrumbList","@id":"http:\/\/www.tus-bruchhausen.de\/Fussball\/torjaeger-2\/#breadcrumb","itemListElement":[{"@type":"ListItem","position":1,"name":"Startseite","item":"https:\/\/www.tus-bruchhausen.de\/Fussball\/"},{"@type":"ListItem","position":2,"name":"EM 2016 Tippspiel &#8211; Torj\u00e4ger"}]},{"@type":"WebSite","@id":"https:\/\/www.tus-bruchhausen.de\/Fussball\/#website","url":"https:\/\/www.tus-bruchhausen.de\/Fussball\/","name":"TuS Bruchhausen","description":"Fu\u00dfball","potentialAction":[{"@type":"SearchAction","target":{"@type":"EntryPoint","urlTemplate":"https:\/\/www.tus-bruchhausen.de\/Fussball\/?s={search_term_string}"},"query-input":{"@type":"PropertyValueSpecification","valueRequired":true,"valueName":"search_term_string"}}],"inLanguage":"de"}]}},"_links":{"self":[{"href":"http:\/\/www.tus-bruchhausen.de\/Fussball\/wp-json\/wp\/v2\/pages\/3391","targetHints":{"allow":["GET"]}}],"collection":[{"href":"http:\/\/www.tus-bruchhausen.de\/Fussball\/wp-json\/wp\/v2\/pages"}],"about":[{"href":"http:\/\/www.tus-bruchhausen.de\/Fussball\/wp-json\/wp\/v2\/types\/page"}],"author":[{"embeddable":true,"href":"http:\/\/www.tus-bruchhausen.de\/Fussball\/wp-json\/wp\/v2\/users\/6"}],"replies":[{"embeddable":true,"href":"http:\/\/www.tus-bruchhausen.de\/Fussball\/wp-json\/wp\/v2\/comments?post=3391"}],"version-history":[{"count":7,"href":"http:\/\/www.tus-bruchhausen.de\/Fussball\/wp-json\/wp\/v2\/pages\/3391\/revisions"}],"predecessor-version":[{"id":12142,"href":"http:\/\/www.tus-bruchhausen.de\/Fussball\/wp-json\/wp\/v2\/pages\/3391\/revisions\/12142"}],"wp:attachment":[{"href":"http:\/\/www.tus-bruchhausen.de\/Fussball\/wp-json\/wp\/v2\/media?parent=3391"}],"curies":[{"name":"wp","href":"https:\/\/api.w.org\/{rel}","templated":true}]}}