{"id":423,"date":"2013-07-13T09:11:38","date_gmt":"2013-07-13T07:11:38","guid":{"rendered":"http:\/\/tus-bruchhausen.de\/Fussball\/?page_id=423"},"modified":"2013-07-13T09:16:47","modified_gmt":"2013-07-13T07:16:47","slug":"denis-magne","status":"publish","type":"page","link":"http:\/\/www.tus-bruchhausen.de\/Fussball\/denis-magne\/","title":{"rendered":"SR Denis Magn\u00e9"},"content":{"rendered":"<p>Seite noch im Aufbau&#8230;.<\/p>\n<p>&nbsp;<\/p>\n<p>Denis Magn\u00e9 pfeift als Schiedsrichter in der Oberliga. Dies ist die h\u00f6chste Spielklasse eines Schiedsrichters im Kreis Arnsberg.<\/p>\n<p>&nbsp;<\/p>\n<p><a href=\"http:\/\/tus-bruchhausen.de\/Fussball\/wp-content\/uploads\/2013\/07\/picturegallery-38662-397867.jpg\" rel=\"lightbox[423]\"><img loading=\"lazy\" decoding=\"async\" class=\"aligncenter size-thumbnail wp-image-424\" alt=\"picturegallery-38662-397867\" src=\"http:\/\/tus-bruchhausen.de\/Fussball\/wp-content\/uploads\/2013\/07\/picturegallery-38662-397867-504x376.jpg\" width=\"504\" height=\"376\" srcset=\"http:\/\/www.tus-bruchhausen.de\/Fussball\/wp-content\/uploads\/2013\/07\/picturegallery-38662-397867-504x376.jpg 504w, http:\/\/www.tus-bruchhausen.de\/Fussball\/wp-content\/uploads\/2013\/07\/picturegallery-38662-397867-900x671.jpg 900w, http:\/\/www.tus-bruchhausen.de\/Fussball\/wp-content\/uploads\/2013\/07\/picturegallery-38662-397867.jpg 992w\" sizes=\"auto, (max-width: 504px) 100vw, 504px\" \/><\/a><\/p>\n","protected":false},"excerpt":{"rendered":"<p>Seite noch im Aufbau&#8230;. &nbsp; Denis Magn\u00e9 pfeift als Schiedsrichter in der Oberliga. Dies ist die h\u00f6chste Spielklasse eines Schiedsrichters im Kreis Arnsberg. &nbsp;<\/p>\n","protected":false},"author":6,"featured_media":0,"parent":0,"menu_order":0,"comment_status":"closed","ping_status":"open","template":"","meta":{"footnotes":""},"class_list":["post-423","page","type-page","status-publish","hentry","small-justify-block","no-thumb"],"yoast_head":"<!-- This site is optimized with the Yoast SEO plugin v27.2 - https:\/\/yoast.com\/product\/yoast-seo-wordpress\/ -->\n<title>SR Denis Magn\u00e9 - TuS Bruchhausen - Fu\u00dfball<\/title>\n<meta name=\"robots\" content=\"index, follow, max-snippet:-1, max-image-preview:large, max-video-preview:-1\" \/>\n<link rel=\"canonical\" href=\"http:\/\/www.tus-bruchhausen.de\/Fussball\/denis-magne\/\" \/>\n<meta property=\"og:locale\" content=\"de_DE\" \/>\n<meta property=\"og:type\" content=\"article\" \/>\n<meta property=\"og:title\" content=\"SR Denis Magn\u00e9 - TuS Bruchhausen - Fu\u00dfball\" \/>\n<meta property=\"og:description\" content=\"Seite noch im Aufbau&#8230;. &nbsp; Denis Magn\u00e9 pfeift als Schiedsrichter in der Oberliga. Dies ist die h\u00f6chste Spielklasse eines Schiedsrichters im Kreis Arnsberg. &nbsp;\" \/>\n<meta property=\"og:url\" content=\"http:\/\/www.tus-bruchhausen.de\/Fussball\/denis-magne\/\" \/>\n<meta property=\"og:site_name\" content=\"TuS Bruchhausen\" \/>\n<meta property=\"article:publisher\" content=\"https:\/\/www.facebook.com\/TuS02\/\" \/>\n<meta property=\"article:modified_time\" content=\"2013-07-13T07:16:47+00:00\" \/>\n<meta property=\"og:image\" content=\"http:\/\/tus-bruchhausen.de\/Fussball\/wp-content\/uploads\/2013\/07\/picturegallery-38662-397867-504x376.jpg\" \/>\n<meta name=\"twitter:card\" content=\"summary_large_image\" \/>\n<script type=\"application\/ld+json\" class=\"yoast-schema-graph\">{\"@context\":\"https:\/\/schema.org\",\"@graph\":[{\"@type\":\"WebPage\",\"@id\":\"http:\/\/www.tus-bruchhausen.de\/Fussball\/denis-magne\/\",\"url\":\"http:\/\/www.tus-bruchhausen.de\/Fussball\/denis-magne\/\",\"name\":\"SR Denis Magn\u00e9 - TuS Bruchhausen - Fu\u00dfball\",\"isPartOf\":{\"@id\":\"http:\/\/www.tus-bruchhausen.de\/Fussball\/#website\"},\"primaryImageOfPage\":{\"@id\":\"http:\/\/www.tus-bruchhausen.de\/Fussball\/denis-magne\/#primaryimage\"},\"image\":{\"@id\":\"http:\/\/www.tus-bruchhausen.de\/Fussball\/denis-magne\/#primaryimage\"},\"thumbnailUrl\":\"http:\/\/tus-bruchhausen.de\/Fussball\/wp-content\/uploads\/2013\/07\/picturegallery-38662-397867-504x376.jpg\",\"datePublished\":\"2013-07-13T07:11:38+00:00\",\"dateModified\":\"2013-07-13T07:16:47+00:00\",\"breadcrumb\":{\"@id\":\"http:\/\/www.tus-bruchhausen.de\/Fussball\/denis-magne\/#breadcrumb\"},\"inLanguage\":\"de\",\"potentialAction\":[{\"@type\":\"ReadAction\",\"target\":[\"http:\/\/www.tus-bruchhausen.de\/Fussball\/denis-magne\/\"]}]},{\"@type\":\"ImageObject\",\"inLanguage\":\"de\",\"@id\":\"http:\/\/www.tus-bruchhausen.de\/Fussball\/denis-magne\/#primaryimage\",\"url\":\"http:\/\/tus-bruchhausen.de\/Fussball\/wp-content\/uploads\/2013\/07\/picturegallery-38662-397867-504x376.jpg\",\"contentUrl\":\"http:\/\/tus-bruchhausen.de\/Fussball\/wp-content\/uploads\/2013\/07\/picturegallery-38662-397867-504x376.jpg\"},{\"@type\":\"BreadcrumbList\",\"@id\":\"http:\/\/www.tus-bruchhausen.de\/Fussball\/denis-magne\/#breadcrumb\",\"itemListElement\":[{\"@type\":\"ListItem\",\"position\":1,\"name\":\"Startseite\",\"item\":\"http:\/\/www.tus-bruchhausen.de\/Fussball\/\"},{\"@type\":\"ListItem\",\"position\":2,\"name\":\"SR Denis Magn\u00e9\"}]},{\"@type\":\"WebSite\",\"@id\":\"http:\/\/www.tus-bruchhausen.de\/Fussball\/#website\",\"url\":\"http:\/\/www.tus-bruchhausen.de\/Fussball\/\",\"name\":\"TuS Bruchhausen\",\"description\":\"Fu\u00dfball\",\"potentialAction\":[{\"@type\":\"SearchAction\",\"target\":{\"@type\":\"EntryPoint\",\"urlTemplate\":\"http:\/\/www.tus-bruchhausen.de\/Fussball\/?s={search_term_string}\"},\"query-input\":{\"@type\":\"PropertyValueSpecification\",\"valueRequired\":true,\"valueName\":\"search_term_string\"}}],\"inLanguage\":\"de\"}]}<\/script>\n<!-- \/ Yoast SEO plugin. -->","yoast_head_json":{"title":"SR Denis Magn\u00e9 - TuS Bruchhausen - Fu\u00dfball","robots":{"index":"index","follow":"follow","max-snippet":"max-snippet:-1","max-image-preview":"max-image-preview:large","max-video-preview":"max-video-preview:-1"},"canonical":"http:\/\/www.tus-bruchhausen.de\/Fussball\/denis-magne\/","og_locale":"de_DE","og_type":"article","og_title":"SR Denis Magn\u00e9 - TuS Bruchhausen - Fu\u00dfball","og_description":"Seite noch im Aufbau&#8230;. &nbsp; Denis Magn\u00e9 pfeift als Schiedsrichter in der Oberliga. Dies ist die h\u00f6chste Spielklasse eines Schiedsrichters im Kreis Arnsberg. &nbsp;","og_url":"http:\/\/www.tus-bruchhausen.de\/Fussball\/denis-magne\/","og_site_name":"TuS Bruchhausen","article_publisher":"https:\/\/www.facebook.com\/TuS02\/","article_modified_time":"2013-07-13T07:16:47+00:00","og_image":[{"url":"http:\/\/tus-bruchhausen.de\/Fussball\/wp-content\/uploads\/2013\/07\/picturegallery-38662-397867-504x376.jpg","type":"","width":"","height":""}],"twitter_card":"summary_large_image","schema":{"@context":"https:\/\/schema.org","@graph":[{"@type":"WebPage","@id":"http:\/\/www.tus-bruchhausen.de\/Fussball\/denis-magne\/","url":"http:\/\/www.tus-bruchhausen.de\/Fussball\/denis-magne\/","name":"SR Denis Magn\u00e9 - TuS Bruchhausen - Fu\u00dfball","isPartOf":{"@id":"http:\/\/www.tus-bruchhausen.de\/Fussball\/#website"},"primaryImageOfPage":{"@id":"http:\/\/www.tus-bruchhausen.de\/Fussball\/denis-magne\/#primaryimage"},"image":{"@id":"http:\/\/www.tus-bruchhausen.de\/Fussball\/denis-magne\/#primaryimage"},"thumbnailUrl":"http:\/\/tus-bruchhausen.de\/Fussball\/wp-content\/uploads\/2013\/07\/picturegallery-38662-397867-504x376.jpg","datePublished":"2013-07-13T07:11:38+00:00","dateModified":"2013-07-13T07:16:47+00:00","breadcrumb":{"@id":"http:\/\/www.tus-bruchhausen.de\/Fussball\/denis-magne\/#breadcrumb"},"inLanguage":"de","potentialAction":[{"@type":"ReadAction","target":["http:\/\/www.tus-bruchhausen.de\/Fussball\/denis-magne\/"]}]},{"@type":"ImageObject","inLanguage":"de","@id":"http:\/\/www.tus-bruchhausen.de\/Fussball\/denis-magne\/#primaryimage","url":"http:\/\/tus-bruchhausen.de\/Fussball\/wp-content\/uploads\/2013\/07\/picturegallery-38662-397867-504x376.jpg","contentUrl":"http:\/\/tus-bruchhausen.de\/Fussball\/wp-content\/uploads\/2013\/07\/picturegallery-38662-397867-504x376.jpg"},{"@type":"BreadcrumbList","@id":"http:\/\/www.tus-bruchhausen.de\/Fussball\/denis-magne\/#breadcrumb","itemListElement":[{"@type":"ListItem","position":1,"name":"Startseite","item":"http:\/\/www.tus-bruchhausen.de\/Fussball\/"},{"@type":"ListItem","position":2,"name":"SR Denis Magn\u00e9"}]},{"@type":"WebSite","@id":"http:\/\/www.tus-bruchhausen.de\/Fussball\/#website","url":"http:\/\/www.tus-bruchhausen.de\/Fussball\/","name":"TuS Bruchhausen","description":"Fu\u00dfball","potentialAction":[{"@type":"SearchAction","target":{"@type":"EntryPoint","urlTemplate":"http:\/\/www.tus-bruchhausen.de\/Fussball\/?s={search_term_string}"},"query-input":{"@type":"PropertyValueSpecification","valueRequired":true,"valueName":"search_term_string"}}],"inLanguage":"de"}]}},"_links":{"self":[{"href":"http:\/\/www.tus-bruchhausen.de\/Fussball\/wp-json\/wp\/v2\/pages\/423","targetHints":{"allow":["GET"]}}],"collection":[{"href":"http:\/\/www.tus-bruchhausen.de\/Fussball\/wp-json\/wp\/v2\/pages"}],"about":[{"href":"http:\/\/www.tus-bruchhausen.de\/Fussball\/wp-json\/wp\/v2\/types\/page"}],"author":[{"embeddable":true,"href":"http:\/\/www.tus-bruchhausen.de\/Fussball\/wp-json\/wp\/v2\/users\/6"}],"replies":[{"embeddable":true,"href":"http:\/\/www.tus-bruchhausen.de\/Fussball\/wp-json\/wp\/v2\/comments?post=423"}],"version-history":[{"count":3,"href":"http:\/\/www.tus-bruchhausen.de\/Fussball\/wp-json\/wp\/v2\/pages\/423\/revisions"}],"predecessor-version":[{"id":433,"href":"http:\/\/www.tus-bruchhausen.de\/Fussball\/wp-json\/wp\/v2\/pages\/423\/revisions\/433"}],"wp:attachment":[{"href":"http:\/\/www.tus-bruchhausen.de\/Fussball\/wp-json\/wp\/v2\/media?parent=423"}],"curies":[{"name":"wp","href":"https:\/\/api.w.org\/{rel}","templated":true}]}}