{"id":3782,"date":"2014-07-24T14:40:54","date_gmt":"2014-07-24T12:40:54","guid":{"rendered":"http:\/\/tus-bruchhausen.de\/Fussball\/?page_id=3782"},"modified":"2025-07-21T17:39:10","modified_gmt":"2025-07-21T15:39:10","slug":"eintrittspreise-an-der-hiag","status":"publish","type":"page","link":"https:\/\/www.tus-bruchhausen.de\/Fussball\/eintrittspreise-an-der-hiag\/","title":{"rendered":"Eintrittspreise an der Hiag"},"content":{"rendered":"<p><strong>Preise g\u00fcltig ab 2025|2026:<\/strong><\/p>\n<table style=\"height: 275px;\" width=\"571\">\n<tbody>\n<tr>\n<td width=\"80\"><\/td>\n<td width=\"80\"><\/td>\n<td style=\"text-align: center;\" width=\"109\">Kreisliga B+Bezirksliga Damen<\/td>\n<td width=\"87\"><\/td>\n<td style=\"text-align: center;\" width=\"110\"><\/td>\n<\/tr>\n<tr>\n<td><strong>Mitglieder<\/strong><\/td>\n<td><\/td>\n<td style=\"text-align: center;\"><strong>Tageskarte<\/strong><\/td>\n<td style=\"text-align: center;\"><strong>Dauerkarte*<\/strong><\/td>\n<td style=\"text-align: center;\"><\/td>\n<\/tr>\n<tr>\n<td>M\u00e4nner<\/td>\n<td><\/td>\n<td style=\"text-align: center;\">2,50 \u20ac<\/td>\n<td style=\"text-align: center;\">35,00 \u20ac<\/td>\n<td style=\"text-align: center;\"><\/td>\n<\/tr>\n<tr>\n<td>Frauen<\/td>\n<td><\/td>\n<td style=\"text-align: center;\">frei<\/td>\n<td><\/td>\n<td style=\"text-align: center;\"><\/td>\n<\/tr>\n<tr>\n<td colspan=\"2\">TuS 02 Spieler<\/td>\n<td style=\"text-align: center;\">frei<\/td>\n<td><\/td>\n<td style=\"text-align: center;\"><\/td>\n<\/tr>\n<tr>\n<td colspan=\"2\">Rentner, Sch\u00fcler<\/td>\n<td style=\"text-align: center;\">2,00 \u20ac<\/td>\n<td style=\"text-align: center;\"><\/td>\n<td style=\"text-align: center;\"><\/td>\n<\/tr>\n<tr>\n<td height=\"40\"><\/td>\n<td><\/td>\n<td><\/td>\n<td><\/td>\n<td><\/td>\n<\/tr>\n<tr>\n<td><strong>Nichtmitglieder<\/strong><\/td>\n<td><\/td>\n<td><\/td>\n<td><\/td>\n<td><\/td>\n<\/tr>\n<tr>\n<td colspan=\"2\">M\u00e4nner ab 16 J.<\/td>\n<td style=\"text-align: center;\">3,50 \u20ac<\/td>\n<td style=\"text-align: center;\"><\/td>\n<td style=\"text-align: center;\"><\/td>\n<\/tr>\n<tr>\n<td>Frauen<\/td>\n<td><\/td>\n<td style=\"text-align: center;\">2,00 \u20ac<\/td>\n<td><\/td>\n<td style=\"text-align: center;\"><\/td>\n<\/tr>\n<tr>\n<td colspan=\"2\">Rentner, Sch\u00fcler<\/td>\n<td style=\"text-align: center;\">2,00 \u20ac<\/td>\n<td><\/td>\n<td style=\"text-align: center;\"><\/td>\n<\/tr>\n<\/tbody>\n<\/table>\n<p>&nbsp;<\/p>\n<p><span style=\"color: #999999;\">Tageskarten sind jeweils f\u00fcr alle Spiele unabh\u00e4nig von der Spielklasse f\u00fcr einen Tag g\u00fcltig.<\/span><\/p>\n<p><span style=\"color: #999999;\">Preise f\u00fcr Pokalspiele, Sonderspiele und sonstige Veranstaltungen k\u00f6nnen abweichen.<\/span><\/p>\n<p><span style=\"color: #999999;\">F\u00fcr Spiele der 1. Mannschaft in der Kreisliga B sind grunds\u00e4tzlich nur Tageskarten erh\u00e4ltlich. Findet vor einem Spiel in der Kreisliga B eine Partie gegen eine Mannschaft des gleichen Vereins statt, so sind ebenfalls nur <span style=\"color: #999999;\">Tageskarten erh\u00e4ltlich<\/span>.<\/p>\n<p><span style=\"color: #999999;\">*Dauerkarten sind von Pokalheimspielen ausgenommen.<\/p>\n<p><\/span><\/p>\n","protected":false},"excerpt":{"rendered":"<p>Preise g\u00fcltig ab 2025|2026: Kreisliga B+Bezirksliga Damen Mitglieder Tageskarte Dauerkarte* M\u00e4nner 2,50 \u20ac 35,00 \u20ac Frauen frei TuS 02 Spieler frei Rentner, Sch\u00fcler 2,00 \u20ac Nichtmitglieder M\u00e4nner ab 16 J. 3,50 \u20ac Frauen 2,00 \u20ac Rentner, Sch\u00fcler 2,00 \u20ac &nbsp; Tageskarten sind jeweils f\u00fcr alle Spiele unabh\u00e4nig von der Spielklasse f\u00fcr einen Tag g\u00fcltig. Preise [&hellip;]<\/p>\n","protected":false},"author":2,"featured_media":0,"parent":0,"menu_order":0,"comment_status":"closed","ping_status":"closed","template":"","meta":{"footnotes":""},"class_list":["post-3782","page","type-page","status-publish","hentry","small-justify-block","no-thumb"],"yoast_head":"<!-- This site is optimized with the Yoast SEO plugin v27.2 - https:\/\/yoast.com\/product\/yoast-seo-wordpress\/ -->\n<title>Eintrittspreise an der Hiag - TuS Bruchhausen - Fu\u00dfball<\/title>\n<meta name=\"robots\" content=\"index, follow, max-snippet:-1, max-image-preview:large, max-video-preview:-1\" \/>\n<link rel=\"canonical\" href=\"http:\/\/www.tus-bruchhausen.de\/Fussball\/eintrittspreise-an-der-hiag\/\" \/>\n<meta property=\"og:locale\" content=\"de_DE\" \/>\n<meta property=\"og:type\" content=\"article\" \/>\n<meta property=\"og:title\" content=\"Eintrittspreise an der Hiag - TuS Bruchhausen - Fu\u00dfball\" \/>\n<meta property=\"og:description\" content=\"Preise g\u00fcltig ab 2025|2026: Kreisliga B+Bezirksliga Damen Mitglieder Tageskarte Dauerkarte* M\u00e4nner 2,50 \u20ac 35,00 \u20ac Frauen frei TuS 02 Spieler frei Rentner, Sch\u00fcler 2,00 \u20ac Nichtmitglieder M\u00e4nner ab 16 J. 3,50 \u20ac Frauen 2,00 \u20ac Rentner, Sch\u00fcler 2,00 \u20ac &nbsp; Tageskarten sind jeweils f\u00fcr alle Spiele unabh\u00e4nig von der Spielklasse f\u00fcr einen Tag g\u00fcltig. Preise [&hellip;]\" \/>\n<meta property=\"og:url\" content=\"http:\/\/www.tus-bruchhausen.de\/Fussball\/eintrittspreise-an-der-hiag\/\" \/>\n<meta property=\"og:site_name\" content=\"TuS Bruchhausen\" \/>\n<meta property=\"article:publisher\" content=\"https:\/\/www.facebook.com\/TuS02\/\" \/>\n<meta property=\"article:modified_time\" content=\"2025-07-21T15:39:10+00:00\" \/>\n<meta name=\"twitter:card\" content=\"summary_large_image\" \/>\n<meta name=\"twitter:label1\" content=\"Gesch\u00e4tzte Lesezeit\" \/>\n\t<meta name=\"twitter:data1\" content=\"1\u00a0Minute\" \/>\n<script type=\"application\/ld+json\" class=\"yoast-schema-graph\">{\"@context\":\"https:\/\/schema.org\",\"@graph\":[{\"@type\":\"WebPage\",\"@id\":\"http:\/\/www.tus-bruchhausen.de\/Fussball\/eintrittspreise-an-der-hiag\/\",\"url\":\"http:\/\/www.tus-bruchhausen.de\/Fussball\/eintrittspreise-an-der-hiag\/\",\"name\":\"Eintrittspreise an der Hiag - TuS Bruchhausen - Fu\u00dfball\",\"isPartOf\":{\"@id\":\"https:\/\/www.tus-bruchhausen.de\/Fussball\/#website\"},\"datePublished\":\"2014-07-24T12:40:54+00:00\",\"dateModified\":\"2025-07-21T15:39:10+00:00\",\"breadcrumb\":{\"@id\":\"http:\/\/www.tus-bruchhausen.de\/Fussball\/eintrittspreise-an-der-hiag\/#breadcrumb\"},\"inLanguage\":\"de\",\"potentialAction\":[{\"@type\":\"ReadAction\",\"target\":[\"http:\/\/www.tus-bruchhausen.de\/Fussball\/eintrittspreise-an-der-hiag\/\"]}]},{\"@type\":\"BreadcrumbList\",\"@id\":\"http:\/\/www.tus-bruchhausen.de\/Fussball\/eintrittspreise-an-der-hiag\/#breadcrumb\",\"itemListElement\":[{\"@type\":\"ListItem\",\"position\":1,\"name\":\"Startseite\",\"item\":\"https:\/\/www.tus-bruchhausen.de\/Fussball\/\"},{\"@type\":\"ListItem\",\"position\":2,\"name\":\"Eintrittspreise an der Hiag\"}]},{\"@type\":\"WebSite\",\"@id\":\"https:\/\/www.tus-bruchhausen.de\/Fussball\/#website\",\"url\":\"https:\/\/www.tus-bruchhausen.de\/Fussball\/\",\"name\":\"TuS Bruchhausen\",\"description\":\"Fu\u00dfball\",\"potentialAction\":[{\"@type\":\"SearchAction\",\"target\":{\"@type\":\"EntryPoint\",\"urlTemplate\":\"https:\/\/www.tus-bruchhausen.de\/Fussball\/?s={search_term_string}\"},\"query-input\":{\"@type\":\"PropertyValueSpecification\",\"valueRequired\":true,\"valueName\":\"search_term_string\"}}],\"inLanguage\":\"de\"}]}<\/script>\n<!-- \/ Yoast SEO plugin. -->","yoast_head_json":{"title":"Eintrittspreise an der Hiag - TuS Bruchhausen - Fu\u00dfball","robots":{"index":"index","follow":"follow","max-snippet":"max-snippet:-1","max-image-preview":"max-image-preview:large","max-video-preview":"max-video-preview:-1"},"canonical":"http:\/\/www.tus-bruchhausen.de\/Fussball\/eintrittspreise-an-der-hiag\/","og_locale":"de_DE","og_type":"article","og_title":"Eintrittspreise an der Hiag - TuS Bruchhausen - Fu\u00dfball","og_description":"Preise g\u00fcltig ab 2025|2026: Kreisliga B+Bezirksliga Damen Mitglieder Tageskarte Dauerkarte* M\u00e4nner 2,50 \u20ac 35,00 \u20ac Frauen frei TuS 02 Spieler frei Rentner, Sch\u00fcler 2,00 \u20ac Nichtmitglieder M\u00e4nner ab 16 J. 3,50 \u20ac Frauen 2,00 \u20ac Rentner, Sch\u00fcler 2,00 \u20ac &nbsp; Tageskarten sind jeweils f\u00fcr alle Spiele unabh\u00e4nig von der Spielklasse f\u00fcr einen Tag g\u00fcltig. Preise [&hellip;]","og_url":"http:\/\/www.tus-bruchhausen.de\/Fussball\/eintrittspreise-an-der-hiag\/","og_site_name":"TuS Bruchhausen","article_publisher":"https:\/\/www.facebook.com\/TuS02\/","article_modified_time":"2025-07-21T15:39:10+00:00","twitter_card":"summary_large_image","twitter_misc":{"Gesch\u00e4tzte Lesezeit":"1\u00a0Minute"},"schema":{"@context":"https:\/\/schema.org","@graph":[{"@type":"WebPage","@id":"http:\/\/www.tus-bruchhausen.de\/Fussball\/eintrittspreise-an-der-hiag\/","url":"http:\/\/www.tus-bruchhausen.de\/Fussball\/eintrittspreise-an-der-hiag\/","name":"Eintrittspreise an der Hiag - TuS Bruchhausen - Fu\u00dfball","isPartOf":{"@id":"https:\/\/www.tus-bruchhausen.de\/Fussball\/#website"},"datePublished":"2014-07-24T12:40:54+00:00","dateModified":"2025-07-21T15:39:10+00:00","breadcrumb":{"@id":"http:\/\/www.tus-bruchhausen.de\/Fussball\/eintrittspreise-an-der-hiag\/#breadcrumb"},"inLanguage":"de","potentialAction":[{"@type":"ReadAction","target":["http:\/\/www.tus-bruchhausen.de\/Fussball\/eintrittspreise-an-der-hiag\/"]}]},{"@type":"BreadcrumbList","@id":"http:\/\/www.tus-bruchhausen.de\/Fussball\/eintrittspreise-an-der-hiag\/#breadcrumb","itemListElement":[{"@type":"ListItem","position":1,"name":"Startseite","item":"https:\/\/www.tus-bruchhausen.de\/Fussball\/"},{"@type":"ListItem","position":2,"name":"Eintrittspreise an der Hiag"}]},{"@type":"WebSite","@id":"https:\/\/www.tus-bruchhausen.de\/Fussball\/#website","url":"https:\/\/www.tus-bruchhausen.de\/Fussball\/","name":"TuS Bruchhausen","description":"Fu\u00dfball","potentialAction":[{"@type":"SearchAction","target":{"@type":"EntryPoint","urlTemplate":"https:\/\/www.tus-bruchhausen.de\/Fussball\/?s={search_term_string}"},"query-input":{"@type":"PropertyValueSpecification","valueRequired":true,"valueName":"search_term_string"}}],"inLanguage":"de"}]}},"_links":{"self":[{"href":"https:\/\/www.tus-bruchhausen.de\/Fussball\/wp-json\/wp\/v2\/pages\/3782","targetHints":{"allow":["GET"]}}],"collection":[{"href":"https:\/\/www.tus-bruchhausen.de\/Fussball\/wp-json\/wp\/v2\/pages"}],"about":[{"href":"https:\/\/www.tus-bruchhausen.de\/Fussball\/wp-json\/wp\/v2\/types\/page"}],"author":[{"embeddable":true,"href":"https:\/\/www.tus-bruchhausen.de\/Fussball\/wp-json\/wp\/v2\/users\/2"}],"replies":[{"embeddable":true,"href":"https:\/\/www.tus-bruchhausen.de\/Fussball\/wp-json\/wp\/v2\/comments?post=3782"}],"version-history":[{"count":35,"href":"https:\/\/www.tus-bruchhausen.de\/Fussball\/wp-json\/wp\/v2\/pages\/3782\/revisions"}],"predecessor-version":[{"id":20366,"href":"https:\/\/www.tus-bruchhausen.de\/Fussball\/wp-json\/wp\/v2\/pages\/3782\/revisions\/20366"}],"wp:attachment":[{"href":"https:\/\/www.tus-bruchhausen.de\/Fussball\/wp-json\/wp\/v2\/media?parent=3782"}],"curies":[{"name":"wp","href":"https:\/\/api.w.org\/{rel}","templated":true}]}}