{"id":265,"date":"2015-03-19T19:16:41","date_gmt":"2015-03-19T18:16:41","guid":{"rendered":"http:\/\/www.tus-bruchhausen.de\/Tennis\/?page_id=265"},"modified":"2025-03-02T00:46:31","modified_gmt":"2025-03-01T23:46:31","slug":"abteilungsvorstand-4","status":"publish","type":"page","link":"https:\/\/www.tus-bruchhausen.de\/Tennis\/abteilungsvorstand-4\/","title":{"rendered":"Abteilungsvorstand"},"content":{"rendered":"\n<figure class=\"wp-block-table\"><table class=\"has-fixed-layout\"><tbody><tr><td><strong><span style=\"font-size: medium\">Robert Dickner<\/span><\/strong><\/td><td><strong><span style=\"font-size: medium\">Michaela Dickner<\/span><\/strong><\/td><\/tr><tr><td><span style=\"font-size: medium\">1. Vorsitzender<\/span><\/td><td><span style=\"font-size: medium\">2. Vorsitzende<\/span><\/td><\/tr><tr><td><span style=\"font-size: medium\">&nbsp;<\/span><\/td><td><span style=\"font-size: medium\">&nbsp;<\/span><\/td><\/tr><tr><td><span style=\"font-size: medium\">Kohlgrubenweg 15<\/span><\/td><td><span style=\"font-size: medium\">Kohlgrubenweg 15<\/span><\/td><\/tr><tr><td><span style=\"font-size: medium\">59759 Arnsberg-Bruchhausen<\/span><\/td><td><span style=\"font-size: medium\">59759 Arnsberg-Bruchhausen<\/span><\/td><\/tr><tr><td><span style=\"font-size: medium\">Tel.: 02932\/895883<\/span><\/td><td><span style=\"font-size: medium\">Tel.: 02932\/895883<\/span><\/td><\/tr><tr><td><span style=\"font-size: medium\">Handy: 0151\/6963696<\/span><\/td><td><span style=\"font-size: medium\">Handy: 0177\/2431098<\/span><\/td><\/tr><tr><td><a href=\"mailto:dickner@gmx.de\">dickner@gmx.de<\/a><\/td><td><a href=\"mailto:m.dickner@gmx.de\">m.dickner@gmx.de<\/a><\/td><\/tr><tr><td><span style=\"font-size: medium\">&nbsp;<\/span><\/td><td><span style=\"font-size: medium\">&nbsp;<\/span><\/td><\/tr><tr><td><span style=\"font-size: medium\">&nbsp;<\/span><\/td><td><span style=\"font-size: medium\">&nbsp;<\/span><\/td><\/tr><tr><td><strong><span style=\"font-size: medium\">Celine Vo\u00df<\/span><\/strong><\/td><td><strong><span style=\"font-size: medium\">Sebastian Schulte<\/span><\/strong><\/td><\/tr><tr><td><span style=\"font-size: medium\">Sportwartin<\/span><\/td><td><span style=\"font-size: medium\">Kassierer<\/span><\/td><\/tr><tr><td><span style=\"font-size: medium\">&nbsp;<\/span><\/td><td><span style=\"font-size: medium\">&nbsp;<\/span><\/td><\/tr><tr><td><span style=\"font-size: medium\">Magdalenenstra\u00dfe 1a<\/span><\/td><td><span style=\"font-size: medium\">Josefstr. 7<\/span><\/td><\/tr><tr><td><span style=\"font-size: medium\">59759 Arnsberg-Bruchhausen<\/span><\/td><td>59469 Ense-H\u00f6ingen<\/td><\/tr><tr><td><span style=\"font-size: medium\">Handy: 0151\/61445658<\/span><\/td><td><span style=\"font-size: medium\">Handy: 0171\/8657780<\/span><\/td><\/tr><tr><td><a href=\"mailto:celine.voss@googlemail.com\">celine.voss@googlemail.com<\/a><\/td><td><span style=\"font-size: medium\"><a href=\"mailto:sebastian@sschulte-online.de\">sebastian@sschulte-online.de<\/a><\/span><\/td><\/tr><tr><td><span style=\"font-size: medium\">&nbsp;<\/span><\/td><td><span style=\"font-size: medium\">&nbsp;<\/span><\/td><\/tr><tr><td><span style=\"font-size: medium\">&nbsp;<\/span><\/td><td><span style=\"font-size: medium\">&nbsp;<\/span><\/td><\/tr><tr><td><strong><span style=\"font-size: medium\">Stefanie Bach<\/span><\/strong><\/td><td><span style=\"font-size: medium\"><strong>Ulrich Risse<\/strong><\/span><\/td><\/tr><tr><td><span style=\"font-size: medium\">Jugendkoordinatorin<\/span><\/td><td><span style=\"font-size: medium\">2. Kassierer<\/span><\/td><\/tr><tr><td><span style=\"font-size: medium\">&nbsp;<\/span><\/td><td>&nbsp;<\/td><\/tr><tr><td><span style=\"font-size: medium\">59759 Arnsberg-H\u00fcsten<\/span><\/td><td><span style=\"font-size: medium\">59759 Arnsberg-Bruchhausen<\/span><\/td><\/tr><tr><td><span style=\"font-size: medium\">Handy: 0176\/38247757<\/span><\/td><td><span style=\"font-size: medium\">Handy: 0157\/0144681<\/span><\/td><\/tr><tr><td><a href=\"mailto:stefanie.bach@gmx.de\"><span style=\"font-size: medium\">stefanie.bach@gmx.de<\/span><\/a><\/td><td><a href=\"mailto:familie.risse@web.de\">familie.risse@web.de<\/a><\/td><\/tr><tr><td>&nbsp;<\/td><td>&nbsp;<\/td><\/tr><tr><td>&nbsp;<\/td><td>&nbsp;<\/td><\/tr><\/tbody><\/table><\/figure>\n\n\n\n<figure class=\"wp-block-table\"><table class=\"has-fixed-layout\"><tbody><tr><td>Beisitzer \/ Platzwartangelegenheiten<\/td><\/tr><tr><td>&nbsp;<\/td><\/tr><\/tbody><\/table><\/figure>\n","protected":false},"excerpt":{"rendered":"<p>Robert Dickner Michaela Dickner 1. Vorsitzender 2. Vorsitzende &nbsp; &nbsp; Kohlgrubenweg 15 Kohlgrubenweg 15 59759 Arnsberg-Bruchhausen 59759 Arnsberg-Bruchhausen Tel.: 02932\/895883 Tel.: 02932\/895883 Handy: 0151\/6963696 Handy: 0177\/2431098 dickner@gmx.de m.dickner@gmx.de &nbsp; &nbsp; &nbsp; &nbsp; Celine Vo\u00df Sebastian Schulte Sportwartin Kassierer &nbsp; &nbsp; Magdalenenstra\u00dfe 1a Josefstr. 7 59759 Arnsberg-Bruchhausen 59469 Ense-H\u00f6ingen Handy: 0151\/61445658 Handy: 0171\/8657780 celine.voss@googlemail.com sebastian@sschulte-online.de &nbsp; [&hellip;]<\/p>\n","protected":false},"author":3,"featured_media":0,"parent":0,"menu_order":0,"comment_status":"closed","ping_status":"closed","template":"","meta":{"kia_subtitle":"","footnotes":""},"class_list":["post-265","page","type-page","status-publish","hentry"],"_links":{"self":[{"href":"https:\/\/www.tus-bruchhausen.de\/Tennis\/wp-json\/wp\/v2\/pages\/265","targetHints":{"allow":["GET"]}}],"collection":[{"href":"https:\/\/www.tus-bruchhausen.de\/Tennis\/wp-json\/wp\/v2\/pages"}],"about":[{"href":"https:\/\/www.tus-bruchhausen.de\/Tennis\/wp-json\/wp\/v2\/types\/page"}],"author":[{"embeddable":true,"href":"https:\/\/www.tus-bruchhausen.de\/Tennis\/wp-json\/wp\/v2\/users\/3"}],"replies":[{"embeddable":true,"href":"https:\/\/www.tus-bruchhausen.de\/Tennis\/wp-json\/wp\/v2\/comments?post=265"}],"version-history":[{"count":19,"href":"https:\/\/www.tus-bruchhausen.de\/Tennis\/wp-json\/wp\/v2\/pages\/265\/revisions"}],"predecessor-version":[{"id":2215,"href":"https:\/\/www.tus-bruchhausen.de\/Tennis\/wp-json\/wp\/v2\/pages\/265\/revisions\/2215"}],"wp:attachment":[{"href":"https:\/\/www.tus-bruchhausen.de\/Tennis\/wp-json\/wp\/v2\/media?parent=265"}],"curies":[{"name":"wp","href":"https:\/\/api.w.org\/{rel}","templated":true}]}}